{"id":720,"date":"2023-06-21T14:26:55","date_gmt":"2023-06-21T21:26:55","guid":{"rendered":"https:\/\/arbodownsview.ca\/terms\/"},"modified":"2023-08-09T14:29:49","modified_gmt":"2023-08-09T21:29:49","slug":"modalites-dacces-et-dutilisation","status":"publish","type":"page","link":"https:\/\/arbodownsview.ca\/fr\/modalites-dacces-et-dutilisation\/","title":{"rendered":"Modalit\u00e9s d\u2019acc\u00e8s et d\u2019utilisation"},"content":{"rendered":"<section class=\"wp-block-wysiwyg\">\n  <div class=\"container container--xxsmall wysiwyg py-36\">\n    <h1>Modalit\u00e9s d\u2019acc\u00e8s et d\u2019utilisation<\/h1>\n<h5><strong>AVIS JURIDIQUE. VEUILLEZ LIRE ATTENTIVEMENT LES PR\u00c9SENTES MODALIT\u00c9S D\u2019ACC\u00c8S ET D\u2019UTILISATION.<\/strong><\/h5>\n<p>Les pr\u00e9sentes modalit\u00e9s contiennent des stipulations d\u2019exon\u00e9ration de garanties, des d\u00e9clarations, des garanties et avals, des exclusions et des limitations de responsabilit\u00e9, des renonciations aux droits et l\u2019acceptation des risques inh\u00e9rents au site ainsi qu\u2019aux renseignements qu\u2019il contient. En acc\u00e9dant au site, vous, en tant qu\u2019utilisateur, reconnaissez les pr\u00e9sentes modalit\u00e9s et convenez d\u2019\u00eatre li\u00e9 par celles-ci et par les lois applicables, sans restriction ni r\u00e9serve.<\/p>\n<p><strong>SI VOUS N\u2019ACCEPTEZ PAS CES MODALIT\u00c9S, N\u2019ACC\u00c9DEZ NI AU SITE NI AUX PAGES DE CELUI-CI.<\/strong><\/p>\n<p><a href=\"https:\/\/www.clc-sic.ca\/francais\/modalites-dacces-et-dutilisation\" target=\"_blank\" rel=\"noopener\">Voir en entier termes et conditions<\/a><\/p>\n\n  <\/div>\n<\/section>\n","protected":false},"excerpt":{"rendered":"","protected":false},"author":5,"featured_media":0,"parent":0,"menu_order":0,"comment_status":"closed","ping_status":"closed","template":"","meta":[],"acf":[],"yoast_head":"<!-- This site is optimized with the Yoast SEO plugin v20.13 - https:\/\/yoast.com\/wordpress\/plugins\/seo\/ -->\n<title>Modalit\u00e9s d\u2019acc\u00e8s et d\u2019utilisation - Arbo Downsview<\/title>\n<meta name=\"robots\" content=\"index, follow, max-snippet:-1, max-image-preview:large, max-video-preview:-1\" \/>\n<link rel=\"canonical\" href=\"https:\/\/arbodownsview.ca\/fr\/modalites-dacces-et-dutilisation\/\" \/>\n<meta property=\"og:locale\" content=\"fr_FR\" \/>\n<meta property=\"og:type\" content=\"article\" \/>\n<meta property=\"og:title\" content=\"Modalit\u00e9s d\u2019acc\u00e8s et d\u2019utilisation - Arbo Downsview\" \/>\n<meta property=\"og:url\" content=\"https:\/\/arbodownsview.ca\/fr\/modalites-dacces-et-dutilisation\/\" \/>\n<meta property=\"og:site_name\" content=\"Arbo Downsview\" \/>\n<meta property=\"article:modified_time\" content=\"2023-08-09T21:29:49+00:00\" \/>\n<meta property=\"og:image\" content=\"https:\/\/arbodownsview.ca\/wp-content\/uploads\/2023\/06\/Arbo_Preview.png\" \/>\n\t<meta property=\"og:image:width\" content=\"2400\" \/>\n\t<meta property=\"og:image:height\" content=\"1348\" \/>\n\t<meta property=\"og:image:type\" content=\"image\/png\" \/>\n<meta name=\"twitter:card\" content=\"summary_large_image\" \/>\n<script type=\"application\/ld+json\" class=\"yoast-schema-graph\">{\"@context\":\"https:\/\/schema.org\",\"@graph\":[{\"@type\":\"WebPage\",\"@id\":\"https:\/\/arbodownsview.ca\/fr\/modalites-dacces-et-dutilisation\/\",\"url\":\"https:\/\/arbodownsview.ca\/fr\/modalites-dacces-et-dutilisation\/\",\"name\":\"Modalit\u00e9s d\u2019acc\u00e8s et d\u2019utilisation - Arbo Downsview\",\"isPartOf\":{\"@id\":\"https:\/\/arbodownsview.ca\/fr\/#website\"},\"datePublished\":\"2023-06-21T21:26:55+00:00\",\"dateModified\":\"2023-08-09T21:29:49+00:00\",\"breadcrumb\":{\"@id\":\"https:\/\/arbodownsview.ca\/fr\/modalites-dacces-et-dutilisation\/#breadcrumb\"},\"inLanguage\":\"fr-FR\",\"potentialAction\":[{\"@type\":\"ReadAction\",\"target\":[\"https:\/\/arbodownsview.ca\/fr\/modalites-dacces-et-dutilisation\/\"]}]},{\"@type\":\"BreadcrumbList\",\"@id\":\"https:\/\/arbodownsview.ca\/fr\/modalites-dacces-et-dutilisation\/#breadcrumb\",\"itemListElement\":[{\"@type\":\"ListItem\",\"position\":1,\"name\":\"Home\",\"item\":\"https:\/\/arbodownsview.ca\/fr\/\"},{\"@type\":\"ListItem\",\"position\":2,\"name\":\"Modalit\u00e9s d\u2019acc\u00e8s et d\u2019utilisation\"}]},{\"@type\":\"WebSite\",\"@id\":\"https:\/\/arbodownsview.ca\/fr\/#website\",\"url\":\"https:\/\/arbodownsview.ca\/fr\/\",\"name\":\"Arbo Downsview\",\"description\":\"\",\"publisher\":{\"@id\":\"https:\/\/arbodownsview.ca\/fr\/#organization\"},\"potentialAction\":[{\"@type\":\"SearchAction\",\"target\":{\"@type\":\"EntryPoint\",\"urlTemplate\":\"https:\/\/arbodownsview.ca\/fr\/?s={search_term_string}\"},\"query-input\":\"required name=search_term_string\"}],\"inLanguage\":\"fr-FR\"},{\"@type\":\"Organization\",\"@id\":\"https:\/\/arbodownsview.ca\/fr\/#organization\",\"name\":\"Canada Lands Company\",\"url\":\"https:\/\/arbodownsview.ca\/fr\/\",\"logo\":{\"@type\":\"ImageObject\",\"inLanguage\":\"fr-FR\",\"@id\":\"https:\/\/arbodownsview.ca\/fr\/#\/schema\/logo\/image\/\",\"url\":\"\",\"contentUrl\":\"\",\"caption\":\"Canada Lands Company\"},\"image\":{\"@id\":\"https:\/\/arbodownsview.ca\/fr\/#\/schema\/logo\/image\/\"}}]}<\/script>\n<!-- \/ Yoast SEO plugin. -->","yoast_head_json":{"title":"Modalit\u00e9s d\u2019acc\u00e8s et d\u2019utilisation - Arbo Downsview","robots":{"index":"index","follow":"follow","max-snippet":"max-snippet:-1","max-image-preview":"max-image-preview:large","max-video-preview":"max-video-preview:-1"},"canonical":"https:\/\/arbodownsview.ca\/fr\/modalites-dacces-et-dutilisation\/","og_locale":"fr_FR","og_type":"article","og_title":"Modalit\u00e9s d\u2019acc\u00e8s et d\u2019utilisation - Arbo Downsview","og_url":"https:\/\/arbodownsview.ca\/fr\/modalites-dacces-et-dutilisation\/","og_site_name":"Arbo Downsview","article_modified_time":"2023-08-09T21:29:49+00:00","og_image":[{"width":2400,"height":1348,"url":"https:\/\/arbodownsview.ca\/wp-content\/uploads\/2023\/06\/Arbo_Preview.png","type":"image\/png"}],"twitter_card":"summary_large_image","schema":{"@context":"https:\/\/schema.org","@graph":[{"@type":"WebPage","@id":"https:\/\/arbodownsview.ca\/fr\/modalites-dacces-et-dutilisation\/","url":"https:\/\/arbodownsview.ca\/fr\/modalites-dacces-et-dutilisation\/","name":"Modalit\u00e9s d\u2019acc\u00e8s et d\u2019utilisation - Arbo Downsview","isPartOf":{"@id":"https:\/\/arbodownsview.ca\/fr\/#website"},"datePublished":"2023-06-21T21:26:55+00:00","dateModified":"2023-08-09T21:29:49+00:00","breadcrumb":{"@id":"https:\/\/arbodownsview.ca\/fr\/modalites-dacces-et-dutilisation\/#breadcrumb"},"inLanguage":"fr-FR","potentialAction":[{"@type":"ReadAction","target":["https:\/\/arbodownsview.ca\/fr\/modalites-dacces-et-dutilisation\/"]}]},{"@type":"BreadcrumbList","@id":"https:\/\/arbodownsview.ca\/fr\/modalites-dacces-et-dutilisation\/#breadcrumb","itemListElement":[{"@type":"ListItem","position":1,"name":"Home","item":"https:\/\/arbodownsview.ca\/fr\/"},{"@type":"ListItem","position":2,"name":"Modalit\u00e9s d\u2019acc\u00e8s et d\u2019utilisation"}]},{"@type":"WebSite","@id":"https:\/\/arbodownsview.ca\/fr\/#website","url":"https:\/\/arbodownsview.ca\/fr\/","name":"Arbo Downsview","description":"","publisher":{"@id":"https:\/\/arbodownsview.ca\/fr\/#organization"},"potentialAction":[{"@type":"SearchAction","target":{"@type":"EntryPoint","urlTemplate":"https:\/\/arbodownsview.ca\/fr\/?s={search_term_string}"},"query-input":"required name=search_term_string"}],"inLanguage":"fr-FR"},{"@type":"Organization","@id":"https:\/\/arbodownsview.ca\/fr\/#organization","name":"Canada Lands Company","url":"https:\/\/arbodownsview.ca\/fr\/","logo":{"@type":"ImageObject","inLanguage":"fr-FR","@id":"https:\/\/arbodownsview.ca\/fr\/#\/schema\/logo\/image\/","url":"","contentUrl":"","caption":"Canada Lands Company"},"image":{"@id":"https:\/\/arbodownsview.ca\/fr\/#\/schema\/logo\/image\/"}}]}},"_links":{"self":[{"href":"https:\/\/arbodownsview.ca\/fr\/wp-json\/wp\/v2\/pages\/720"}],"collection":[{"href":"https:\/\/arbodownsview.ca\/fr\/wp-json\/wp\/v2\/pages"}],"about":[{"href":"https:\/\/arbodownsview.ca\/fr\/wp-json\/wp\/v2\/types\/page"}],"author":[{"embeddable":true,"href":"https:\/\/arbodownsview.ca\/fr\/wp-json\/wp\/v2\/users\/5"}],"replies":[{"embeddable":true,"href":"https:\/\/arbodownsview.ca\/fr\/wp-json\/wp\/v2\/comments?post=720"}],"version-history":[{"count":11,"href":"https:\/\/arbodownsview.ca\/fr\/wp-json\/wp\/v2\/pages\/720\/revisions"}],"predecessor-version":[{"id":1027,"href":"https:\/\/arbodownsview.ca\/fr\/wp-json\/wp\/v2\/pages\/720\/revisions\/1027"}],"wp:attachment":[{"href":"https:\/\/arbodownsview.ca\/fr\/wp-json\/wp\/v2\/media?parent=720"}],"curies":[{"name":"wp","href":"https:\/\/api.w.org\/{rel}","templated":true}]}}