{"id":736,"date":"2023-05-29T20:35:27","date_gmt":"2023-05-30T03:35:27","guid":{"rendered":"https:\/\/arbodownsview.ca\/latest-updates\/"},"modified":"2023-08-09T14:28:59","modified_gmt":"2023-08-09T21:28:59","slug":"plus-recentes-mises-a-jour","status":"publish","type":"page","link":"https:\/\/arbodownsview.ca\/fr\/plus-recentes-mises-a-jour\/","title":{"rendered":"Plus r\u00e9centes mises \u00e0 jour"},"content":{"rendered":"<section class=\"wp-block-secondary-hero wp-block-secondary-hero--style-1\">\n  <div class=\"secondary-hero__inner\">\n    <div class=\"secondary-hero__row secondary-hero__row--1 relative md:static\">\n      <div class=\"container container--medium-lg container--max-full md:relative\">\n                  <h1 class=\"fade-in-1 display\">Des \u00e9chos de la for\u00eat<\/h1>\n                          <img decoding=\"async\" class=\"secondary-hero__row-1__illustration fade-in-2\" src=\"https:\/\/arbodownsview.ca\/wp-content\/uploads\/2023\/06\/hero-illustration-updates.png\" alt=\"Green and yellow trees\" \/>\n              <\/div>\n    <\/div>\n    <div class=\"secondary-hero__row secondary-hero__row--2\">\n      <div class=\"container container--medium-lg container--max-full fade-in-3 with-image\">\n                  <img decoding=\"async\" src=\"https:\/\/arbodownsview.ca\/wp-content\/uploads\/2023\/06\/hero-updates-from-woods-1.png\" alt=\"Smiling older gentleman in tree background\" \/>\n                          <p class=\"text-light\">Que se passe-t-il de bon \u00e0 Arbo Downsview? Vois les derni\u00e8res nouvelles de notre collectivit\u00e9.<\/p>\n              <\/div>\n    <\/div>\n  <\/div>\n<\/section>\n\n\n<section class=\"wp-block-all-posts\">\n  <div class=\"all-posts__inner container container--large ajax-posts__results\">\n    \n                          <a href=\"https:\/\/arbodownsview.ca\/fr\/latest-updates\/le-point-sur-legout-sanitaire-de-la-rue-keele\/\" class=\"post-preview\">\n  <div class=\"post-preview__inner h-full flex flex-col justify-between\">\n    <div>\n      <p class=\"post-preview__date\">1 mai 2026<\/p>\n      <h2 class=\"post-preview__title sans-serif font-light\">Le point sur l\u2019\u00e9gout sanitaire de la rue\u00a0Keele<\/h2>\n    <\/div>\n    <span class=\"btn--arrow self-start\">Lire plus<\/span>\n  <\/div>\n<\/a>\n                      <a href=\"https:\/\/arbodownsview.ca\/fr\/latest-updates\/le-point-sur-les-travaux-de-construction-du-chemin-sugar-maple\/\" class=\"post-preview\">\n  <div class=\"post-preview__inner h-full flex flex-col justify-between\">\n    <div>\n      <p class=\"post-preview__date\">30 avril 2026<\/p>\n      <h2 class=\"post-preview__title sans-serif font-light\">Le point sur les travaux de construction du chemin Sugar\u00a0Maple<\/h2>\n    <\/div>\n    <span class=\"btn--arrow self-start\">Lire plus<\/span>\n  <\/div>\n<\/a>\n                      <a href=\"https:\/\/arbodownsview.ca\/fr\/latest-updates\/avis-important-panne-de-courant-a-la-zone-boisee-darbo\/\" class=\"post-preview\">\n  <div class=\"post-preview__inner h-full flex flex-col justify-between\">\n    <div>\n      <p class=\"post-preview__date\">7 avril 2026<\/p>\n      <h2 class=\"post-preview__title sans-serif font-light\">Avis important \u2013 Panne de courant \u00e0 la zone bois\u00e9e d\u2019Arbo<\/h2>\n    <\/div>\n    <span class=\"btn--arrow self-start\">Lire plus<\/span>\n  <\/div>\n<\/a>\n                      <a href=\"https:\/\/arbodownsview.ca\/fr\/latest-updates\/rappel-travaux-printaniers-sur-le-site\/\" class=\"post-preview\">\n  <div class=\"post-preview__inner h-full flex flex-col justify-between\">\n    <div>\n      <p class=\"post-preview__date\">19 mars 2026<\/p>\n      <h2 class=\"post-preview__title sans-serif font-light\">Rappel : travaux printaniers sur le site<\/h2>\n    <\/div>\n    <span class=\"btn--arrow self-start\">Lire plus<\/span>\n  <\/div>\n<\/a>\n                      <a href=\"https:\/\/arbodownsview.ca\/fr\/latest-updates\/plan-de-gestion-ecologique-approuve-pour-le-boise-arbo\/\" class=\"post-preview\">\n  <div class=\"post-preview__inner h-full flex flex-col justify-between\">\n    <div>\n      <p class=\"post-preview__date\">18 f\u00e9vrier 2026<\/p>\n      <h2 class=\"post-preview__title sans-serif font-light\">Plan de gestion \u00e9cologique approuv\u00e9 pour le bois\u00e9 Arbo<\/h2>\n    <\/div>\n    <span class=\"btn--arrow self-start\">Lire plus<\/span>\n  <\/div>\n<\/a>\n                      <a href=\"https:\/\/arbodownsview.ca\/fr\/latest-updates\/recapitulatif-de-la-phase-1-du-projet-arbo-et-de-la-journee-portes-ouvertes-pour-la-communaute\/\" class=\"post-preview\">\n  <div class=\"post-preview__inner h-full flex flex-col justify-between\">\n    <div>\n      <p class=\"post-preview__date\">21 janvier 2026<\/p>\n      <h2 class=\"post-preview__title sans-serif font-light\">R\u00e9capitulatif de la phase\u00a01 du projet Arbo et de la journ\u00e9e portes ouvertes pour la communaut\u00e9<\/h2>\n    <\/div>\n    <span class=\"btn--arrow self-start\">Lire plus<\/span>\n  <\/div>\n<\/a>\n                \n  <\/div>\n\n  <div class=\"posts--loadmore--wrapper\"><button class=\"btn posts--loadmore\" data-text=\"En voir plus\" data-page=\"1\" data-maxpages=\"4\">En voir plus<\/button><\/div>\n  <\/section>\n","protected":false},"excerpt":{"rendered":"","protected":false},"author":5,"featured_media":0,"parent":0,"menu_order":0,"comment_status":"closed","ping_status":"closed","template":"","meta":[],"acf":[],"yoast_head":"<!-- This site is optimized with the Yoast SEO plugin v20.13 - https:\/\/yoast.com\/wordpress\/plugins\/seo\/ -->\n<title>Plus r\u00e9centes mises \u00e0 jour - Arbo Downsview<\/title>\n<meta name=\"robots\" content=\"index, follow, max-snippet:-1, max-image-preview:large, max-video-preview:-1\" \/>\n<link rel=\"canonical\" href=\"https:\/\/arbodownsview.ca\/fr\/plus-recentes-mises-a-jour\/\" \/>\n<meta property=\"og:locale\" content=\"fr_FR\" \/>\n<meta property=\"og:type\" content=\"article\" \/>\n<meta property=\"og:title\" content=\"Plus r\u00e9centes mises \u00e0 jour - Arbo Downsview\" \/>\n<meta property=\"og:url\" content=\"https:\/\/arbodownsview.ca\/fr\/plus-recentes-mises-a-jour\/\" \/>\n<meta property=\"og:site_name\" content=\"Arbo Downsview\" \/>\n<meta property=\"article:modified_time\" content=\"2023-08-09T21:28:59+00:00\" \/>\n<meta property=\"og:image\" content=\"https:\/\/arbodownsview.ca\/wp-content\/uploads\/2023\/06\/Arbo_Preview.png\" \/>\n\t<meta property=\"og:image:width\" content=\"2400\" \/>\n\t<meta property=\"og:image:height\" content=\"1348\" \/>\n\t<meta property=\"og:image:type\" content=\"image\/png\" \/>\n<meta name=\"twitter:card\" content=\"summary_large_image\" \/>\n<script type=\"application\/ld+json\" class=\"yoast-schema-graph\">{\"@context\":\"https:\/\/schema.org\",\"@graph\":[{\"@type\":\"WebPage\",\"@id\":\"https:\/\/arbodownsview.ca\/fr\/plus-recentes-mises-a-jour\/\",\"url\":\"https:\/\/arbodownsview.ca\/fr\/plus-recentes-mises-a-jour\/\",\"name\":\"Plus r\u00e9centes mises \u00e0 jour - Arbo Downsview\",\"isPartOf\":{\"@id\":\"https:\/\/arbodownsview.ca\/fr\/#website\"},\"datePublished\":\"2023-05-30T03:35:27+00:00\",\"dateModified\":\"2023-08-09T21:28:59+00:00\",\"breadcrumb\":{\"@id\":\"https:\/\/arbodownsview.ca\/fr\/plus-recentes-mises-a-jour\/#breadcrumb\"},\"inLanguage\":\"fr-FR\",\"potentialAction\":[{\"@type\":\"ReadAction\",\"target\":[\"https:\/\/arbodownsview.ca\/fr\/plus-recentes-mises-a-jour\/\"]}]},{\"@type\":\"BreadcrumbList\",\"@id\":\"https:\/\/arbodownsview.ca\/fr\/plus-recentes-mises-a-jour\/#breadcrumb\",\"itemListElement\":[{\"@type\":\"ListItem\",\"position\":1,\"name\":\"Home\",\"item\":\"https:\/\/arbodownsview.ca\/fr\/\"},{\"@type\":\"ListItem\",\"position\":2,\"name\":\"Plus r\u00e9centes mises \u00e0 jour\"}]},{\"@type\":\"WebSite\",\"@id\":\"https:\/\/arbodownsview.ca\/fr\/#website\",\"url\":\"https:\/\/arbodownsview.ca\/fr\/\",\"name\":\"Arbo Downsview\",\"description\":\"\",\"publisher\":{\"@id\":\"https:\/\/arbodownsview.ca\/fr\/#organization\"},\"potentialAction\":[{\"@type\":\"SearchAction\",\"target\":{\"@type\":\"EntryPoint\",\"urlTemplate\":\"https:\/\/arbodownsview.ca\/fr\/?s={search_term_string}\"},\"query-input\":\"required name=search_term_string\"}],\"inLanguage\":\"fr-FR\"},{\"@type\":\"Organization\",\"@id\":\"https:\/\/arbodownsview.ca\/fr\/#organization\",\"name\":\"Canada Lands Company\",\"url\":\"https:\/\/arbodownsview.ca\/fr\/\",\"logo\":{\"@type\":\"ImageObject\",\"inLanguage\":\"fr-FR\",\"@id\":\"https:\/\/arbodownsview.ca\/fr\/#\/schema\/logo\/image\/\",\"url\":\"\",\"contentUrl\":\"\",\"caption\":\"Canada Lands Company\"},\"image\":{\"@id\":\"https:\/\/arbodownsview.ca\/fr\/#\/schema\/logo\/image\/\"}}]}<\/script>\n<!-- \/ Yoast SEO plugin. -->","yoast_head_json":{"title":"Plus r\u00e9centes mises \u00e0 jour - Arbo Downsview","robots":{"index":"index","follow":"follow","max-snippet":"max-snippet:-1","max-image-preview":"max-image-preview:large","max-video-preview":"max-video-preview:-1"},"canonical":"https:\/\/arbodownsview.ca\/fr\/plus-recentes-mises-a-jour\/","og_locale":"fr_FR","og_type":"article","og_title":"Plus r\u00e9centes mises \u00e0 jour - Arbo Downsview","og_url":"https:\/\/arbodownsview.ca\/fr\/plus-recentes-mises-a-jour\/","og_site_name":"Arbo Downsview","article_modified_time":"2023-08-09T21:28:59+00:00","og_image":[{"width":2400,"height":1348,"url":"https:\/\/arbodownsview.ca\/wp-content\/uploads\/2023\/06\/Arbo_Preview.png","type":"image\/png"}],"twitter_card":"summary_large_image","schema":{"@context":"https:\/\/schema.org","@graph":[{"@type":"WebPage","@id":"https:\/\/arbodownsview.ca\/fr\/plus-recentes-mises-a-jour\/","url":"https:\/\/arbodownsview.ca\/fr\/plus-recentes-mises-a-jour\/","name":"Plus r\u00e9centes mises \u00e0 jour - Arbo Downsview","isPartOf":{"@id":"https:\/\/arbodownsview.ca\/fr\/#website"},"datePublished":"2023-05-30T03:35:27+00:00","dateModified":"2023-08-09T21:28:59+00:00","breadcrumb":{"@id":"https:\/\/arbodownsview.ca\/fr\/plus-recentes-mises-a-jour\/#breadcrumb"},"inLanguage":"fr-FR","potentialAction":[{"@type":"ReadAction","target":["https:\/\/arbodownsview.ca\/fr\/plus-recentes-mises-a-jour\/"]}]},{"@type":"BreadcrumbList","@id":"https:\/\/arbodownsview.ca\/fr\/plus-recentes-mises-a-jour\/#breadcrumb","itemListElement":[{"@type":"ListItem","position":1,"name":"Home","item":"https:\/\/arbodownsview.ca\/fr\/"},{"@type":"ListItem","position":2,"name":"Plus r\u00e9centes mises \u00e0 jour"}]},{"@type":"WebSite","@id":"https:\/\/arbodownsview.ca\/fr\/#website","url":"https:\/\/arbodownsview.ca\/fr\/","name":"Arbo Downsview","description":"","publisher":{"@id":"https:\/\/arbodownsview.ca\/fr\/#organization"},"potentialAction":[{"@type":"SearchAction","target":{"@type":"EntryPoint","urlTemplate":"https:\/\/arbodownsview.ca\/fr\/?s={search_term_string}"},"query-input":"required name=search_term_string"}],"inLanguage":"fr-FR"},{"@type":"Organization","@id":"https:\/\/arbodownsview.ca\/fr\/#organization","name":"Canada Lands Company","url":"https:\/\/arbodownsview.ca\/fr\/","logo":{"@type":"ImageObject","inLanguage":"fr-FR","@id":"https:\/\/arbodownsview.ca\/fr\/#\/schema\/logo\/image\/","url":"","contentUrl":"","caption":"Canada Lands Company"},"image":{"@id":"https:\/\/arbodownsview.ca\/fr\/#\/schema\/logo\/image\/"}}]}},"_links":{"self":[{"href":"https:\/\/arbodownsview.ca\/fr\/wp-json\/wp\/v2\/pages\/736"}],"collection":[{"href":"https:\/\/arbodownsview.ca\/fr\/wp-json\/wp\/v2\/pages"}],"about":[{"href":"https:\/\/arbodownsview.ca\/fr\/wp-json\/wp\/v2\/types\/page"}],"author":[{"embeddable":true,"href":"https:\/\/arbodownsview.ca\/fr\/wp-json\/wp\/v2\/users\/5"}],"replies":[{"embeddable":true,"href":"https:\/\/arbodownsview.ca\/fr\/wp-json\/wp\/v2\/comments?post=736"}],"version-history":[{"count":6,"href":"https:\/\/arbodownsview.ca\/fr\/wp-json\/wp\/v2\/pages\/736\/revisions"}],"predecessor-version":[{"id":751,"href":"https:\/\/arbodownsview.ca\/fr\/wp-json\/wp\/v2\/pages\/736\/revisions\/751"}],"wp:attachment":[{"href":"https:\/\/arbodownsview.ca\/fr\/wp-json\/wp\/v2\/media?parent=736"}],"curies":[{"name":"wp","href":"https:\/\/api.w.org\/{rel}","templated":true}]}}